{"id":10946,"date":"2018-02-06T10:42:12","date_gmt":"2018-02-06T10:42:12","guid":{"rendered":"https:\/\/davidorban.com\/a-oldalrol\/"},"modified":"2025-08-18T15:31:52","modified_gmt":"2025-08-18T15:31:52","slug":"about","status":"publish","type":"page","link":"https:\/\/davidorban.com\/hu\/about\/","title":{"rendered":"A  oldalr\u00f3l"},"content":{"rendered":"<p><img decoding=\"async\" src=\"https:\/\/davidorban.com\/wp-content\/uploads\/elementor\/thumbs\/davidicon-qn1qwlf7dgpzfml4bk9x68h0cw0863obvevjbpe0fs.jpg\" title=\"davidicon\" alt=\"davidicon\" loading=\"lazy\" \/>\t\t\t\t\t\t\t\t\t\t\t\t\t\t\t<\/p>\n<h1>Ki David Orban?<\/h1>\n<h2>\u00datt\u00f6r\u0151 a technol\u00f3gia \u00e9s a t\u00e1rsadalom metsz\u00e9spontj\u00e1ban<\/h2>\n<p>David Orban \u00fatt\u00f6r\u0151 v\u00e1llalkoz\u00f3, befektet\u0151, szerz\u0151, vezet\u0151 el\u0151ad\u00f3 \u00e9s v\u00e9lem\u00e9nyvez\u00e9r a technol\u00f3giai innov\u00e1ci\u00f3 \u00e9lvonal\u00e1ban. Fizikai h\u00e1tt\u00e9rrel \u00e9s t\u00f6bb mint k\u00e9t \u00e9vtizedes v\u00e1llalkoz\u00f3i tapasztalattal David munk\u00e1ss\u00e1ga kiterjed a mesters\u00e9ges intelligenci\u00e1ra, a blokkl\u00e1ncra, a hossz\u00fa \u00e9lettartamra \u00e9s a munka j\u00f6v\u0151j\u00e9re. <\/p>\n<p>Budapesten, Magyarorsz\u00e1gon sz\u00fcletett \u00e9s Olaszorsz\u00e1gban tanult. David glob\u00e1lis perspekt\u00edv\u00e1ja egyedi megl\u00e1t\u00e1sokat ad a technol\u00f3gia \u00e9s a t\u00e1rsadalom egy\u00fctt-fejl\u0151d\u00e9s\u00e9be. Szem\u00e9lyes mott\u00f3ja, \u201eMelyik az a k\u00e9rd\u00e9s, amit fel kellene tennem?\u201d, vez\u00e9rli a tal\u00e1lm\u00e1nyok \u00e9s innov\u00e1ci\u00f3k ciklusainak felgyors\u00edt\u00e1s\u00e1ra ir\u00e1nyul\u00f3 megk\u00f6zel\u00edt\u00e9s\u00e9t. <\/p>\n<h2>A blokkl\u00e1nc \u00e9s a mesters\u00e9ges intelligencia \u00fatt\u00f6r\u0151je<\/h2>\n<p>A blokkl\u00e1nc technol\u00f3gi\u00e1k korai alkalmaz\u00f3jak\u00e9nt \u00e9s 2010 \u00f3ta akt\u00edv Bitcoin befektet\u0151k\u00e9nt David volt az els\u0151, aki Ethert birtokolt az Ethereum 2014-es indul\u00e1sakor. Vezette a Bitcoin \u00e9s a blokkl\u00e1nc bevezet\u00e9s\u00e9t startupokn\u00e1l, \u00e9s sz\u00e1mos blokkl\u00e1nc c\u00e9get \u00e9s alapot tan\u00e1csol. <\/p>\n<p>T\u00f6bb mint k\u00e9t \u00e9vtizede akt\u00edv a mesters\u00e9ges intelligencia ter\u00fclet\u00e9n. David elk\u00f6telezett amellett, hogy vil\u00e1gszerte demokratiz\u00e1lja a hozz\u00e1f\u00e9r\u00e9st a magas sz\u00ednvonal\u00fa mentor\u00e1l\u00e1shoz \u00e9s tan\u00e1csad\u00e1shoz a v\u00e1llalkoz\u00f3k sz\u00e1m\u00e1ra. Hisz abban, hogy felhatalmazza az egy\u00e9neket, hogy kibontakoztass\u00e1k a benn\u00fck rejl\u0151 potenci\u00e1lt, megold\u00e1sokat hozzanak l\u00e9tre \u00e9s teljes \u00e9letet alak\u00edtsanak ki. <\/p>\n<h2>Vezet\u0151i \u00e9s tan\u00e1csad\u00f3i szerepek<\/h2>\n<ul>\n<li>Az Actioneer, egy mesters\u00e9ges intelligencia alap\u00fa startup coaching platform alap\u00edt\u00f3ja<\/li>\n<li>A Network Society Research alap\u00edt\u00f3ja \u00e9s kur\u00e1tora, egy glob\u00e1lis agytr\u00f6szt, amely egy decentraliz\u00e1lt, technol\u00f3giavez\u00e9relt vil\u00e1g j\u00f6v\u0151k\u00e9p\u00e9t dolgozza ki.<\/li>\n<li>A Singularity University oktat\u00f3ja \u00e9s tan\u00e1csad\u00f3ja, amely az exponenci\u00e1lis technol\u00f3gi\u00e1k felhaszn\u00e1l\u00e1s\u00e1val igyekszik megoldani az emberis\u00e9g nagy kih\u00edv\u00e1sait.<\/li>\n<li>A Thiel-\u00f6szt\u00f6nd\u00edj mentora \u00e9s sz\u00e1mos startup \u00e9s szervezet tan\u00e1csad\u00f3ja.<\/li>\n<\/ul>\n<h2>A tapasztalat \u00e9s a befoly\u00e1s hangja<\/h2>\n<p>David keresett el\u0151ad\u00f3, aki t\u00f6bb mint 100 f\u0151el\u0151ad\u00e1st tartott vil\u00e1gszerte olyan szervezeteknek, mint az Abbvie, Cisco, Oracle, Roche, E&amp;Y, Accenture \u00e9s sok m\u00e1s. El\u0151ad\u00e1sai gyakran arra f\u00f3kusz\u00e1lnak, hogyan kataliz\u00e1lj\u00e1k a blokkl\u00e1nc technol\u00f3gi\u00e1k \u00e9s a mesters\u00e9ges intelligencia a t\u00e1rsadalmi-gazdas\u00e1gi v\u00e1ltoz\u00e1sokat t\u00e1rsadalmainkban. <\/p>\n<h2 style=\"font-style: normal; font-weight: 600; margin-bottom: 0px; color: #00a8da;\" data-elementor-setting-key=\"title\" data-pen-placeholder=\"Type Here...\">Szerz\u0151 \u00e9s gondolatvezet\u0151<\/h2>\n<p>David a \u201eSomething New\u201d c\u00edm\u0171, elgondolkodtat\u00f3 k\u00f6nyv szerz\u0151je, amely a mesters\u00e9ges intelligencia t\u00e1rsadalmunkban bet\u00f6lt\u00f6tt szerep\u00e9t vizsg\u00e1lja, \u00e9s angol, olasz \u00e9s spanyol nyelven is el\u00e9rhet\u0151. Megl\u00e1t\u00e1sait blogj\u00e1n, podcastjain (\u201eThe Context\u201d \u00e9s \u201eSearching for the Question\u201d) \u00e9s k\u00fcl\u00f6nb\u00f6z\u0151 online platformokon kereszt\u00fcl osztja meg. <\/p>\n<h2 style=\"font-style: normal; font-weight: 600; margin-bottom: 0px; color: #00a8da;\" data-elementor-setting-key=\"title\" data-pen-placeholder=\"Type Here...\">A felel\u0151s innov\u00e1ci\u00f3 sz\u00f3sz\u00f3l\u00f3ja<\/h2>\n<p>A felel\u0151s mesters\u00e9ges intelligencia fejleszt\u00e9s \u00e9s szab\u00e1lyoz\u00e1s er\u0151s t\u00e1mogat\u00f3jak\u00e9nt David hangs\u00falyozza az emberk\u00f6zpont\u00fa mesters\u00e9ges intelligencia \u00e9lm\u00e9nyek \u00e9s megold\u00e1sok fontoss\u00e1g\u00e1t. Olyan j\u00f6v\u0151t k\u00e9pzel el, ahol az emberek \u00e9s a mesters\u00e9ges intelligencia egy\u00fctt fejl\u0151dnek, egy\u00fcttm\u0171k\u00f6dve egy b\u0151s\u00e9g t\u00e1rsadalm\u00e1nak megteremt\u00e9s\u00e9n. <\/p>\n<h2 style=\"font-style: normal; font-weight: 600; margin-bottom: 0px; color: #00a8da;\" data-elementor-setting-key=\"title\" data-pen-placeholder=\"Type Here...\">Csatlakozz Davidhez<\/h2>\n<p>Ha t\u00f6bbet szeretne megtudni David munk\u00e1j\u00e1r\u00f3l, felfedezni blogbejegyz\u00e9seit, vagy el\u0151ad\u00f3k\u00e9nt foglalni \u0151t, l\u00e1togasson el weboldal\u00e1ra a <a href=\"https:\/\/davidorban.com\/hu\/\">davidorban.com<\/a> c\u00edmen, vagy l\u00e9pjen kapcsolatba vele a <a href=\"https:\/\/davidorban.com\/follow\/\">k\u00f6z\u00f6ss\u00e9gi m\u00e9di\u00e1ban<\/a>.<\/p>\n<p>David munk\u00e1ss\u00e1ga \u00e1tl\u00e9pi a specializ\u00e1ci\u00f3 hat\u00e1rait, hozz\u00e1j\u00e1rulva egy \u00faj renesz\u00e1nszhoz. Elmondja: \u201eAz \u00e9n v\u00edzi\u00f3m a technol\u00f3gia \u00e9s a t\u00e1rsadalom, valamint azok egy\u00fctt-fejl\u0151d\u00e9s\u00e9nek metsz\u00e9spontj\u00e1ban van.\u201d Csatlakozzon hozz\u00e1 a r\u00e1nk v\u00e1r\u00f3 b\u00e1tor \u00faj vil\u00e1g \u00e9p\u00edt\u00e9s\u00e9ben.  <\/p>\n","protected":false},"excerpt":{"rendered":"<p>Ki David Orban? \u00datt\u00f6r\u0151 a technol\u00f3gia \u00e9s a t\u00e1rsadalom metsz\u00e9spontj\u00e1ban David Orban \u00fatt\u00f6r\u0151 v\u00e1llalkoz\u00f3, befektet\u0151, szerz\u0151, vezet\u0151 el\u0151ad\u00f3 \u00e9s v\u00e9lem\u00e9nyvez\u00e9r a technol\u00f3giai innov\u00e1ci\u00f3 \u00e9lvonal\u00e1ban. Fizikai h\u00e1tt\u00e9rrel \u00e9s t\u00f6bb mint k\u00e9t \u00e9vtizedes v\u00e1llalkoz\u00f3i tapasztalattal David munk\u00e1ss\u00e1ga kiterjed a mesters\u00e9ges intelligenci\u00e1ra, a blokkl\u00e1ncra, a hossz\u00fa \u00e9lettartamra \u00e9s a munka j\u00f6v\u0151j\u00e9re. Budapesten, Magyarorsz\u00e1gon sz\u00fcletett \u00e9s Olaszorsz\u00e1gban tanult. David [&hellip;]<\/p>\n","protected":false},"author":2,"featured_media":0,"parent":0,"menu_order":0,"comment_status":"closed","ping_status":"closed","template":"","meta":{"om_disable_all_campaigns":false,"site-sidebar-layout":"no-sidebar","site-content-layout":"page-builder","ast-site-content-layout":"full-width-container","site-content-style":"unboxed","site-sidebar-style":"unboxed","ast-global-header-display":"","ast-banner-title-visibility":"","ast-main-header-display":"","ast-hfb-above-header-display":"","ast-hfb-below-header-display":"","ast-hfb-mobile-header-display":"","site-post-title":"","ast-breadcrumbs-content":"","ast-featured-img":"disabled","footer-sml-layout":"","ast-disable-related-posts":"","theme-transparent-header-meta":"default","adv-header-id-meta":"","stick-header-meta":"","header-above-stick-meta":"","header-main-stick-meta":"","header-below-stick-meta":"","astra-migrate-meta-layouts":"set","ast-page-background-enabled":"default","ast-page-background-meta":{"desktop":{"background-color":"","background-image":"","background-repeat":"repeat","background-position":"center center","background-size":"auto","background-attachment":"scroll","background-type":"","background-media":"","overlay-type":"","overlay-color":"","overlay-opacity":"","overlay-gradient":""},"tablet":{"background-color":"","background-image":"","background-repeat":"repeat","background-position":"center center","background-size":"auto","background-attachment":"scroll","background-type":"","background-media":"","overlay-type":"","overlay-color":"","overlay-opacity":"","overlay-gradient":""},"mobile":{"background-color":"","background-image":"","background-repeat":"repeat","background-position":"center center","background-size":"auto","background-attachment":"scroll","background-type":"","background-media":"","overlay-type":"","overlay-color":"","overlay-opacity":"","overlay-gradient":""}},"ast-content-background-meta":{"desktop":{"background-color":"var(--ast-global-color-5)","background-image":"","background-repeat":"repeat","background-position":"center center","background-size":"auto","background-attachment":"scroll","background-type":"","background-media":"","overlay-type":"","overlay-color":"","overlay-opacity":"","overlay-gradient":""},"tablet":{"background-color":"var(--ast-global-color-5)","background-image":"","background-repeat":"repeat","background-position":"center center","background-size":"auto","background-attachment":"scroll","background-type":"","background-media":"","overlay-type":"","overlay-color":"","overlay-opacity":"","overlay-gradient":""},"mobile":{"background-color":"var(--ast-global-color-5)","background-image":"","background-repeat":"repeat","background-position":"center center","background-size":"auto","background-attachment":"scroll","background-type":"","background-media":"","overlay-type":"","overlay-color":"","overlay-opacity":"","overlay-gradient":""}},"footnotes":""},"class_list":["post-10946","page","type-page","status-publish","hentry"],"aioseo_notices":[],"_links":{"self":[{"href":"https:\/\/davidorban.com\/hu\/wp-json\/wp\/v2\/pages\/10946","targetHints":{"allow":["GET"]}}],"collection":[{"href":"https:\/\/davidorban.com\/hu\/wp-json\/wp\/v2\/pages"}],"about":[{"href":"https:\/\/davidorban.com\/hu\/wp-json\/wp\/v2\/types\/page"}],"author":[{"embeddable":true,"href":"https:\/\/davidorban.com\/hu\/wp-json\/wp\/v2\/users\/2"}],"replies":[{"embeddable":true,"href":"https:\/\/davidorban.com\/hu\/wp-json\/wp\/v2\/comments?post=10946"}],"version-history":[{"count":3,"href":"https:\/\/davidorban.com\/hu\/wp-json\/wp\/v2\/pages\/10946\/revisions"}],"predecessor-version":[{"id":11688,"href":"https:\/\/davidorban.com\/hu\/wp-json\/wp\/v2\/pages\/10946\/revisions\/11688"}],"wp:attachment":[{"href":"https:\/\/davidorban.com\/hu\/wp-json\/wp\/v2\/media?parent=10946"}],"curies":[{"name":"wp","href":"https:\/\/api.w.org\/{rel}","templated":true}]}}