{"id":3126,"date":"2018-02-06T10:42:12","date_gmt":"2018-02-06T10:42:12","guid":{"rendered":"https:\/\/dev.davidorban.com\/about\/"},"modified":"2025-08-27T06:13:27","modified_gmt":"2025-08-27T06:13:27","slug":"about","status":"publish","type":"page","link":"https:\/\/davidorban.com\/it\/about\/","title":{"rendered":"Chi sono"},"content":{"rendered":"<p><img decoding=\"async\" src=\"https:\/\/davidorban.com\/wp-content\/uploads\/elementor\/thumbs\/davidicon-qn1qwlf7dgpzfml4bk9x68h0cw0863obvevjbpe0fs.jpg\" title=\"davidicon\" alt=\"davidicon\" loading=\"lazy\">\t\t\t\t\t\t\t\t\t\t\t\t\t\t\t<\/p>\n<h1>Chi \u00e8 David Orban?<\/h1>\n<h2>Un pioniere all&#8217;incrocio tra tecnologia e societ\u00e0<\/h2>\n<p>David Orban \u00e8 un imprenditore, investitore, autore, relatore e opinion leader all&#8217;avanguardia nell&#8217;innovazione tecnologica. Con un background in fisica e oltre due decenni di esperienza imprenditoriale, il lavoro di David spazia dall&#8217;intelligenza artificiale, alla blockchain, alla longevit\u00e0 e al futuro del lavoro. <\/p>\n<p>Nato a Budapest, Ungheria, e formatosi in Italia, la prospettiva globale di David informa le sue intuizioni uniche sulla co-evoluzione della tecnologia e della societ\u00e0. Il suo motto personale, \u201cQual \u00e8 la domanda che dovrei pormi?\u201d, guida il suo approccio nell&#8217;accelerare i cicli di invenzione e innovazione. <\/p>\n<h2>Pioniere della blockchain e dell&#8217;IA<\/h2>\n<p>Adottatore precoce delle tecnologie blockchain e investitore attivo di Bitcoin dal 2010, David \u00e8 stato il primo a possedere Ether durante il lancio di Ethereum nel 2014. Ha guidato l&#8217;adozione di Bitcoin e blockchain nelle startup e consiglia numerose aziende e fondi blockchain. <\/p>\n<p>Attivo nel campo dell&#8217;intelligenza artificiale da oltre due decenni, David si impegna a democratizzare l&#8217;accesso a mentorship e consigli di alta qualit\u00e0 per gli imprenditori di tutto il mondo. Crede nel dare potere agli individui per sbloccare il loro potenziale, creare soluzioni e progettare vite appaganti. <\/p>\n<h2>Ruoli di leadership e consulenza<\/h2>\n<ul>\n<li>Fondatore di Actioneer, una piattaforma di coaching per startup basata sull&#8217;IA<\/li>\n<li>Fondatore e Amministratore fiduciario di Network Society Research, un think tank globale che crea una visione per un mondo decentralizzato e guidato dalla tecnologia.<\/li>\n<li>Membro della facolt\u00e0 e Consigliere presso la Singularity University, dedicata a sfruttare le tecnologie esponenziali per affrontare le grandi sfide dell&#8217;umanit\u00e0.<\/li>\n<li>Mentor per la Thiel Fellowship e consulente per numerose startup e organizzazioni.<\/li>\n<\/ul>\n<h2>Una voce di esperienza e influenza<\/h2>\n<p>David \u00e8 un relatore molto richiesto, avendo tenuto oltre 100 discorsi principali in tutto il mondo per organizzazioni tra cui Abbvie, Cisco, Oracle, Roche, E&amp;Y, Accenture e molte altre. I suoi discorsi si concentrano spesso su come le tecnologie blockchain e l&#8217;IA catalizzeranno cambiamenti socio-economici nelle nostre societ\u00e0. <\/p>\n<h2 style=\"font-style: normal; font-weight: 600; margin-bottom: 0px; color: #00a8da;\" data-elementor-setting-key=\"title\" data-pen-placeholder=\"Type Here...\">Autore e opinion leader<\/h2>\n<p>David \u00e8 l&#8217;autore di \u201cSomething New\u201d, un libro stimolante che esplora il ruolo dell&#8217;IA nella nostra societ\u00e0, disponibile in inglese, italiano e spagnolo. Condivide le sue intuizioni attraverso il suo blog, i podcast (\u201cThe Context\u201d e \u201cSearching for the Question\u201d) e varie piattaforme online. <\/p>\n<h2 style=\"font-style: normal; font-weight: 600; margin-bottom: 0px; color: #00a8da;\" data-elementor-setting-key=\"title\" data-pen-placeholder=\"Type Here...\">Sostenitore dell&#8217;innovazione responsabile<\/h2>\n<p>Come forte sostenitore dello sviluppo e della regolamentazione responsabile dell&#8217;IA, David sottolinea l&#8217;importanza di esperienze e soluzioni di IA incentrate sull&#8217;uomo. Egli immagina un futuro in cui esseri umani e IA coevolvono, lavorando insieme per creare una societ\u00e0 di abbondanza. <\/p>\n<h2 style=\"font-style: normal; font-weight: 600; margin-bottom: 0px; color: #00a8da;\" data-elementor-setting-key=\"title\" data-pen-placeholder=\"Type Here...\">Connettiti con David<\/h2>\n<p>Per saperne di pi\u00f9 sul lavoro di David, esplorare i suoi post sul blog o prenotarlo come relatore, visita il suo sito web all&#8217;indirizzo <a href=\"https:\/\/davidorban.com\/it\/\">davidorban.com<\/a> o connettiti con lui sui <a href=\"https:\/\/davidorban.com\/follow\/\">social media<\/a>.<\/p>\n<p>Il lavoro di David supera i limiti della specializzazione per contribuire a un nuovo rinascimento. Spiega: \u201cLa mia visione \u00e8 all&#8217;incrocio tra tecnologia e societ\u00e0 e la loro co-evoluzione.\u201d Unisciti a lui nella costruzione del nuovo mondo coraggioso che ci aspetta.  <\/p>\n","protected":false},"excerpt":{"rendered":"<p>Chi \u00e8 David Orban? Un pioniere all&#8217;incrocio tra tecnologia e societ\u00e0 David Orban \u00e8 un imprenditore, investitore, autore, relatore e opinion leader all&#8217;avanguardia nell&#8217;innovazione tecnologica. Con un background in fisica e oltre due decenni di esperienza imprenditoriale, il lavoro di David spazia dall&#8217;intelligenza artificiale, alla blockchain, alla longevit\u00e0 e al futuro del lavoro. Nato a [&hellip;]<\/p>\n","protected":false},"author":2,"featured_media":0,"parent":0,"menu_order":0,"comment_status":"closed","ping_status":"closed","template":"","meta":{"om_disable_all_campaigns":false,"site-sidebar-layout":"no-sidebar","site-content-layout":"page-builder","ast-site-content-layout":"full-width-container","site-content-style":"unboxed","site-sidebar-style":"unboxed","ast-global-header-display":"","ast-banner-title-visibility":"","ast-main-header-display":"","ast-hfb-above-header-display":"","ast-hfb-below-header-display":"","ast-hfb-mobile-header-display":"","site-post-title":"","ast-breadcrumbs-content":"","ast-featured-img":"disabled","footer-sml-layout":"","ast-disable-related-posts":"","theme-transparent-header-meta":"default","adv-header-id-meta":"","stick-header-meta":"","header-above-stick-meta":"","header-main-stick-meta":"","header-below-stick-meta":"","astra-migrate-meta-layouts":"default","ast-page-background-enabled":"default","ast-page-background-meta":{"desktop":{"background-color":"","background-image":"","background-repeat":"repeat","background-position":"center center","background-size":"auto","background-attachment":"scroll","background-type":"","background-media":"","overlay-type":"","overlay-color":"","overlay-opacity":"","overlay-gradient":""},"tablet":{"background-color":"","background-image":"","background-repeat":"repeat","background-position":"center center","background-size":"auto","background-attachment":"scroll","background-type":"","background-media":"","overlay-type":"","overlay-color":"","overlay-opacity":"","overlay-gradient":""},"mobile":{"background-color":"","background-image":"","background-repeat":"repeat","background-position":"center center","background-size":"auto","background-attachment":"scroll","background-type":"","background-media":"","overlay-type":"","overlay-color":"","overlay-opacity":"","overlay-gradient":""}},"ast-content-background-meta":{"desktop":{"background-color":"var(--ast-global-color-5)","background-image":"","background-repeat":"repeat","background-position":"center center","background-size":"auto","background-attachment":"scroll","background-type":"","background-media":"","overlay-type":"","overlay-color":"","overlay-opacity":"","overlay-gradient":""},"tablet":{"background-color":"var(--ast-global-color-5)","background-image":"","background-repeat":"repeat","background-position":"center center","background-size":"auto","background-attachment":"scroll","background-type":"","background-media":"","overlay-type":"","overlay-color":"","overlay-opacity":"","overlay-gradient":""},"mobile":{"background-color":"var(--ast-global-color-5)","background-image":"","background-repeat":"repeat","background-position":"center center","background-size":"auto","background-attachment":"scroll","background-type":"","background-media":"","overlay-type":"","overlay-color":"","overlay-opacity":"","overlay-gradient":""}},"footnotes":""},"class_list":["post-3126","page","type-page","status-publish","hentry"],"aioseo_notices":[],"_links":{"self":[{"href":"https:\/\/davidorban.com\/it\/wp-json\/wp\/v2\/pages\/3126","targetHints":{"allow":["GET"]}}],"collection":[{"href":"https:\/\/davidorban.com\/it\/wp-json\/wp\/v2\/pages"}],"about":[{"href":"https:\/\/davidorban.com\/it\/wp-json\/wp\/v2\/types\/page"}],"author":[{"embeddable":true,"href":"https:\/\/davidorban.com\/it\/wp-json\/wp\/v2\/users\/2"}],"replies":[{"embeddable":true,"href":"https:\/\/davidorban.com\/it\/wp-json\/wp\/v2\/comments?post=3126"}],"version-history":[{"count":6,"href":"https:\/\/davidorban.com\/it\/wp-json\/wp\/v2\/pages\/3126\/revisions"}],"predecessor-version":[{"id":11738,"href":"https:\/\/davidorban.com\/it\/wp-json\/wp\/v2\/pages\/3126\/revisions\/11738"}],"wp:attachment":[{"href":"https:\/\/davidorban.com\/it\/wp-json\/wp\/v2\/media?parent=3126"}],"curies":[{"name":"wp","href":"https:\/\/api.w.org\/{rel}","templated":true}]}}