{"id":3137,"date":"2018-02-06T11:42:10","date_gmt":"2018-02-06T11:42:10","guid":{"rendered":"https:\/\/dev.davidorban.com\/publications\/"},"modified":"2022-02-02T08:13:29","modified_gmt":"2022-02-02T08:13:29","slug":"publications","status":"publish","type":"page","link":"https:\/\/davidorban.com\/it\/publications\/","title":{"rendered":"Pubblicazioni"},"content":{"rendered":"\t\t<div data-elementor-type=\"wp-post\" data-elementor-id=\"3137\" class=\"elementor elementor-3137 elementor-2578\">\n\t\t\t\t\t\t<section class=\"elementor-section elementor-top-section elementor-element elementor-element-61f0754d elementor-section-boxed elementor-section-height-default elementor-section-height-default\" data-id=\"61f0754d\" data-element_type=\"section\" data-e-type=\"section\" data-settings=\"{&quot;background_background&quot;:&quot;classic&quot;}\">\n\t\t\t\t\t\t<div class=\"elementor-container elementor-column-gap-default\">\n\t\t\t\t\t<div class=\"elementor-column elementor-col-50 elementor-top-column elementor-element elementor-element-5bae56f9\" data-id=\"5bae56f9\" data-element_type=\"column\" data-e-type=\"column\">\n\t\t\t<div class=\"elementor-widget-wrap elementor-element-populated\">\n\t\t\t\t\t\t<div class=\"elementor-element elementor-element-24679751 elementor-widget elementor-widget-image\" data-id=\"24679751\" data-element_type=\"widget\" data-e-type=\"widget\" data-widget_type=\"image.default\">\n\t\t\t\t<div class=\"elementor-widget-container\">\n\t\t\t\t\t\t\t\t\t\t\t\t\t\t\t<img decoding=\"async\" src=\"https:\/\/davidorban.com\/wp-content\/uploads\/elementor\/thumbs\/book-qn1qwmd0cfyu58e0r5tdmne3wxnyq1kcbqxunkve8g.jpg\" title=\"book\" alt=\"book\" loading=\"lazy\" \/>\t\t\t\t\t\t\t\t\t\t\t\t\t\t\t<\/div>\n\t\t\t\t<\/div>\n\t\t\t\t\t<\/div>\n\t\t<\/div>\n\t\t\t\t<div class=\"elementor-column elementor-col-50 elementor-top-column elementor-element elementor-element-22b9c9ec\" data-id=\"22b9c9ec\" data-element_type=\"column\" data-e-type=\"column\">\n\t\t\t<div class=\"elementor-widget-wrap elementor-element-populated\">\n\t\t\t\t\t\t<div class=\"elementor-element elementor-element-424a1c75 elementor-widget elementor-widget-heading\" data-id=\"424a1c75\" data-element_type=\"widget\" data-e-type=\"widget\" data-widget_type=\"heading.default\">\n\t\t\t\t<div class=\"elementor-widget-container\">\n\t\t\t\t\t<h1 class=\"elementor-heading-title elementor-size-default\">Pubblicazioni<\/h1>\t\t\t\t<\/div>\n\t\t\t\t<\/div>\n\t\t\t\t\t<\/div>\n\t\t<\/div>\n\t\t\t\t\t<\/div>\n\t\t<\/section>\n\t\t\t\t<section class=\"elementor-section elementor-top-section elementor-element elementor-element-3deffe70 elementor-section-boxed elementor-section-height-default elementor-section-height-default\" data-id=\"3deffe70\" data-element_type=\"section\" data-e-type=\"section\">\n\t\t\t\t\t\t<div class=\"elementor-container elementor-column-gap-default\">\n\t\t\t\t\t<div class=\"elementor-column elementor-col-100 elementor-top-column elementor-element elementor-element-626c5213\" data-id=\"626c5213\" data-element_type=\"column\" data-e-type=\"column\">\n\t\t\t<div class=\"elementor-widget-wrap elementor-element-populated\">\n\t\t\t\t\t\t<div class=\"elementor-element elementor-element-3024c04 elementor-widget elementor-widget-heading\" data-id=\"3024c04\" data-element_type=\"widget\" data-e-type=\"widget\" data-widget_type=\"heading.default\">\n\t\t\t\t<div class=\"elementor-widget-container\">\n\t\t\t\t\t<h2 class=\"elementor-heading-title elementor-size-default\">Il mio contenuto in libri fisici o eBook digitali<\/h2>\t\t\t\t<\/div>\n\t\t\t\t<\/div>\n\t\t\t\t\t<\/div>\n\t\t<\/div>\n\t\t\t\t\t<\/div>\n\t\t<\/section>\n\t\t\t\t<section class=\"elementor-section elementor-top-section elementor-element elementor-element-cbcc9b7 elementor-section-boxed elementor-section-height-default elementor-section-height-default\" data-id=\"cbcc9b7\" data-element_type=\"section\" data-e-type=\"section\">\n\t\t\t\t\t\t<div class=\"elementor-container elementor-column-gap-default\">\n\t\t\t\t\t<div class=\"elementor-column elementor-col-50 elementor-top-column elementor-element elementor-element-68c7c05\" data-id=\"68c7c05\" data-element_type=\"column\" data-e-type=\"column\">\n\t\t\t<div class=\"elementor-widget-wrap elementor-element-populated\">\n\t\t\t\t\t\t<div class=\"elementor-element elementor-element-a560394 elementor-widget elementor-widget-image\" data-id=\"a560394\" data-element_type=\"widget\" data-e-type=\"widget\" data-widget_type=\"image.default\">\n\t\t\t\t<div class=\"elementor-widget-container\">\n\t\t\t\t\t\t\t\t\t\t\t\t\t\t\t<img fetchpriority=\"high\" decoding=\"async\" width=\"683\" height=\"1024\" src=\"https:\/\/davidorban.com\/wp-content\/uploads\/2021\/05\/61w3S6cjHsL-683x1024.jpg\" class=\"attachment-large size-large wp-image-8195\" alt=\"\" srcset=\"https:\/\/davidorban.com\/wp-content\/uploads\/2021\/05\/61w3S6cjHsL-683x1024.jpg 683w, https:\/\/davidorban.com\/wp-content\/uploads\/2021\/05\/61w3S6cjHsL-200x300.jpg 200w, https:\/\/davidorban.com\/wp-content\/uploads\/2021\/05\/61w3S6cjHsL-768x1152.jpg 768w, https:\/\/davidorban.com\/wp-content\/uploads\/2021\/05\/61w3S6cjHsL.jpg 907w\" sizes=\"(max-width: 683px) 100vw, 683px\" \/>\t\t\t\t\t\t\t\t\t\t\t\t\t\t\t<\/div>\n\t\t\t\t<\/div>\n\t\t\t\t\t<\/div>\n\t\t<\/div>\n\t\t\t\t<div class=\"elementor-column elementor-col-50 elementor-top-column elementor-element elementor-element-3b2278f\" data-id=\"3b2278f\" data-element_type=\"column\" data-e-type=\"column\">\n\t\t\t<div class=\"elementor-widget-wrap elementor-element-populated\">\n\t\t\t\t\t\t<div class=\"elementor-element elementor-element-903e5c6 elementor-widget elementor-widget-heading\" data-id=\"903e5c6\" data-element_type=\"widget\" data-e-type=\"widget\" data-widget_type=\"heading.default\">\n\t\t\t\t<div class=\"elementor-widget-container\">\n\t\t\t\t\t<h2 class=\"elementor-heading-title elementor-size-default\">Something New: AIs And Us<\/h2>\t\t\t\t<\/div>\n\t\t\t\t<\/div>\n\t\t\t\t<div class=\"elementor-element elementor-element-d76ac05 elementor-widget elementor-widget-text-editor\" data-id=\"d76ac05\" data-element_type=\"widget\" data-e-type=\"widget\" data-widget_type=\"text-editor.default\">\n\t\t\t\t<div class=\"elementor-widget-container\">\n\t\t\t\t\t\t\t\t\t<p>Da quando l\u2019umanit\u00e0 \u00e8 apparsa sul pianeta con un impatto sempre pi\u00f9 ampio e profondo sulla sua evoluzione. Rappresenta un elemento unico e irripetibile? L\u2019intelligenza umana verr\u00e0 replicata? E se questo accadr\u00e0 sar\u00e0 uno sviluppo sconvolgente pari alla discontinuit\u00e0 dell\u2019arrivo delle discipline umanistiche? Cosa accadr\u00e0 all\u2019umanit\u00e0 stessa?<\/p>\n<p>La singolarit\u00e0 tecnologica \u00e8 il momento in cui l\u2019intelligenza artificiale potrebbe prendere il sopravvento. Previsto tra 20-30 anni, per molti esperti \u00e8 uno dei momenti pi\u00f9 promettenti ma anche pi\u00f9 pericolosi della storia umana.<\/p>\n<p>Questo libro espone in modo accessibile quali potrebbero essere le conseguenze dell\u2019accelerazione esponenziale del cambiamento tecnologico e come le intelligenze artificiali potrebbero cambiare molte, forse tutte, le regole che guidano la nostra conoscenza del mondo.<\/p>\n\t\t\t\t\t\t\t\t<\/div>\n\t\t\t\t<\/div>\n\t\t\t\t<div class=\"elementor-element elementor-element-e215b47 elementor-align-justify elementor-widget elementor-widget-button\" data-id=\"e215b47\" data-element_type=\"widget\" data-e-type=\"widget\" data-widget_type=\"button.default\">\n\t\t\t\t<div class=\"elementor-widget-container\">\n\t\t\t\t\t\t\t\t\t<div class=\"elementor-button-wrapper\">\n\t\t\t\t\t<a class=\"elementor-button elementor-button-link elementor-size-md\" href=\"https:\/\/www.amazon.com\/gp\/product\/B08L5JC49G\">\n\t\t\t\t\t\t<span class=\"elementor-button-content-wrapper\">\n\t\t\t\t\t\t\t\t\t<span class=\"elementor-button-text\">Compra su Amazon.com<\/span>\n\t\t\t\t\t<\/span>\n\t\t\t\t\t<\/a>\n\t\t\t\t<\/div>\n\t\t\t\t\t\t\t\t<\/div>\n\t\t\t\t<\/div>\n\t\t\t\t<div class=\"elementor-element elementor-element-5a1ddf7 elementor-align-justify elementor-widget elementor-widget-button\" data-id=\"5a1ddf7\" data-element_type=\"widget\" data-e-type=\"widget\" data-widget_type=\"button.default\">\n\t\t\t\t<div class=\"elementor-widget-container\">\n\t\t\t\t\t\t\t\t\t<div class=\"elementor-button-wrapper\">\n\t\t\t\t\t<a class=\"elementor-button elementor-button-link elementor-size-md\" href=\"https:\/\/www.amazon.co.uk\/gp\/product\/B08L5JC49G\">\n\t\t\t\t\t\t<span class=\"elementor-button-content-wrapper\">\n\t\t\t\t\t\t\t\t\t<span class=\"elementor-button-text\">Compra su Amazon.co.uk<\/span>\n\t\t\t\t\t<\/span>\n\t\t\t\t\t<\/a>\n\t\t\t\t<\/div>\n\t\t\t\t\t\t\t\t<\/div>\n\t\t\t\t<\/div>\n\t\t\t\t<div class=\"elementor-element elementor-element-2e62c83 elementor-align-justify elementor-widget elementor-widget-button\" data-id=\"2e62c83\" data-element_type=\"widget\" data-e-type=\"widget\" data-widget_type=\"button.default\">\n\t\t\t\t<div class=\"elementor-widget-container\">\n\t\t\t\t\t\t\t\t\t<div class=\"elementor-button-wrapper\">\n\t\t\t\t\t<a class=\"elementor-button elementor-button-link elementor-size-md\" href=\"https:\/\/www.amazon.it\/gp\/product\/B08L5JC49G\">\n\t\t\t\t\t\t<span class=\"elementor-button-content-wrapper\">\n\t\t\t\t\t\t\t\t\t<span class=\"elementor-button-text\">Compra su Amazon.it<\/span>\n\t\t\t\t\t<\/span>\n\t\t\t\t\t<\/a>\n\t\t\t\t<\/div>\n\t\t\t\t\t\t\t\t<\/div>\n\t\t\t\t<\/div>\n\t\t\t\t\t<\/div>\n\t\t<\/div>\n\t\t\t\t\t<\/div>\n\t\t<\/section>\n\t\t\t\t<section class=\"elementor-section elementor-top-section elementor-element elementor-element-b2ab084 elementor-section-boxed elementor-section-height-default elementor-section-height-default\" data-id=\"b2ab084\" data-element_type=\"section\" data-e-type=\"section\">\n\t\t\t\t\t\t<div class=\"elementor-container elementor-column-gap-default\">\n\t\t\t\t\t<div class=\"elementor-column elementor-col-50 elementor-top-column elementor-element elementor-element-9707013\" data-id=\"9707013\" data-element_type=\"column\" data-e-type=\"column\">\n\t\t\t<div class=\"elementor-widget-wrap elementor-element-populated\">\n\t\t\t\t\t\t<div class=\"elementor-element elementor-element-65225c8 elementor-widget elementor-widget-image\" data-id=\"65225c8\" data-element_type=\"widget\" data-e-type=\"widget\" data-widget_type=\"image.default\">\n\t\t\t\t<div class=\"elementor-widget-container\">\n\t\t\t\t\t\t\t\t\t\t\t\t\t\t\t<img decoding=\"async\" width=\"645\" height=\"1024\" src=\"https:\/\/davidorban.com\/wp-content\/uploads\/2021\/05\/B08Z482G9F.01.MAIN_._SCRM_-645x1024.jpg\" class=\"attachment-large size-large wp-image-8202\" alt=\"\" srcset=\"https:\/\/davidorban.com\/wp-content\/uploads\/2021\/05\/B08Z482G9F.01.MAIN_._SCRM_-645x1024.jpg 645w, https:\/\/davidorban.com\/wp-content\/uploads\/2021\/05\/B08Z482G9F.01.MAIN_._SCRM_-189x300.jpg 189w, https:\/\/davidorban.com\/wp-content\/uploads\/2021\/05\/B08Z482G9F.01.MAIN_._SCRM_.jpg 678w\" sizes=\"(max-width: 645px) 100vw, 645px\" \/>\t\t\t\t\t\t\t\t\t\t\t\t\t\t\t<\/div>\n\t\t\t\t<\/div>\n\t\t\t\t\t<\/div>\n\t\t<\/div>\n\t\t\t\t<div class=\"elementor-column elementor-col-50 elementor-top-column elementor-element elementor-element-28bf21b\" data-id=\"28bf21b\" data-element_type=\"column\" data-e-type=\"column\">\n\t\t\t<div class=\"elementor-widget-wrap elementor-element-populated\">\n\t\t\t\t\t\t<div class=\"elementor-element elementor-element-ba3a41e elementor-widget elementor-widget-heading\" data-id=\"ba3a41e\" data-element_type=\"widget\" data-e-type=\"widget\" data-widget_type=\"heading.default\">\n\t\t\t\t<div class=\"elementor-widget-container\">\n\t\t\t\t\t<h2 class=\"elementor-heading-title elementor-size-default\">\u00bfAlguna novedad?<\/h2>\t\t\t\t<\/div>\n\t\t\t\t<\/div>\n\t\t\t\t<div class=\"elementor-element elementor-element-554f738 elementor-widget elementor-widget-text-editor\" data-id=\"554f738\" data-element_type=\"widget\" data-e-type=\"widget\" data-widget_type=\"text-editor.default\">\n\t\t\t\t<div class=\"elementor-widget-container\">\n\t\t\t\t\t\t\t\t\t<p>Desde que la humanidad apareci\u00f3 en el planeta, ha tenido un impacto cada vez m\u00e1s amplio y profundo en su evoluci\u00f3n. \u00bfRepresenta un momento \u00fanico e irrepetible? \u00bfSe podr\u00e1 replicar la inteligencia humana? Y si esto ocurre, \u00bfser\u00e1 un hecho impactante igual a la discontinuidad que la llegada de la humanidad ha representado? \u00bfQu\u00e9 pasar\u00e1 con la propia humanidad?<\/p>\n<p>La Singularidad Tecnol\u00f3gica es el momento en que la Inteligencia Artificial podr\u00eda tomar el control. Prevista para dentro de 20-30 a\u00f1os, para muchos expertos es uno de los momentos m\u00e1s prometedores pero tambi\u00e9n m\u00e1s peligrosos de la historia de la humanidad.<\/p>\n<p>Este libro presenta de forma accesible cu\u00e1les podr\u00edan ser las consecuencias de la aceleraci\u00f3n exponencial del cambio tecnol\u00f3gico y c\u00f3mo la Inteligencia Artificial podr\u00eda cambiar muchas, quiz\u00e1 todas, las reglas que gu\u00edan nuestro conocimiento del mundo.<\/p>\n\t\t\t\t\t\t\t\t<\/div>\n\t\t\t\t<\/div>\n\t\t\t\t<div class=\"elementor-element elementor-element-866698d elementor-align-justify elementor-widget elementor-widget-button\" data-id=\"866698d\" data-element_type=\"widget\" data-e-type=\"widget\" data-widget_type=\"button.default\">\n\t\t\t\t<div class=\"elementor-widget-container\">\n\t\t\t\t\t\t\t\t\t<div class=\"elementor-button-wrapper\">\n\t\t\t\t\t<a class=\"elementor-button elementor-button-link elementor-size-md\" href=\"https:\/\/www.amazon.com\/gp\/product\/B08Z482G9F\">\n\t\t\t\t\t\t<span class=\"elementor-button-content-wrapper\">\n\t\t\t\t\t\t\t\t\t<span class=\"elementor-button-text\">Compra su Amazon.com<\/span>\n\t\t\t\t\t<\/span>\n\t\t\t\t\t<\/a>\n\t\t\t\t<\/div>\n\t\t\t\t\t\t\t\t<\/div>\n\t\t\t\t<\/div>\n\t\t\t\t<div class=\"elementor-element elementor-element-e579ec6 elementor-align-justify elementor-widget elementor-widget-button\" data-id=\"e579ec6\" data-element_type=\"widget\" data-e-type=\"widget\" data-widget_type=\"button.default\">\n\t\t\t\t<div class=\"elementor-widget-container\">\n\t\t\t\t\t\t\t\t\t<div class=\"elementor-button-wrapper\">\n\t\t\t\t\t<a class=\"elementor-button elementor-button-link elementor-size-md\" href=\"https:\/\/www.amazon.com.mx\/gp\/product\/B08Z482G9F\">\n\t\t\t\t\t\t<span class=\"elementor-button-content-wrapper\">\n\t\t\t\t\t\t\t\t\t<span class=\"elementor-button-text\">Compra su Amazon.mx<\/span>\n\t\t\t\t\t<\/span>\n\t\t\t\t\t<\/a>\n\t\t\t\t<\/div>\n\t\t\t\t\t\t\t\t<\/div>\n\t\t\t\t<\/div>\n\t\t\t\t<div class=\"elementor-element elementor-element-e238090 elementor-align-justify elementor-widget elementor-widget-button\" data-id=\"e238090\" data-element_type=\"widget\" data-e-type=\"widget\" data-widget_type=\"button.default\">\n\t\t\t\t<div class=\"elementor-widget-container\">\n\t\t\t\t\t\t\t\t\t<div class=\"elementor-button-wrapper\">\n\t\t\t\t\t<a class=\"elementor-button elementor-button-link elementor-size-md\" href=\"https:\/\/www.amazon.es\/gp\/product\/B08Z482G9F\">\n\t\t\t\t\t\t<span class=\"elementor-button-content-wrapper\">\n\t\t\t\t\t\t\t\t\t<span class=\"elementor-button-text\">Compra su Amazon.es<\/span>\n\t\t\t\t\t<\/span>\n\t\t\t\t\t<\/a>\n\t\t\t\t<\/div>\n\t\t\t\t\t\t\t\t<\/div>\n\t\t\t\t<\/div>\n\t\t\t\t\t<\/div>\n\t\t<\/div>\n\t\t\t\t\t<\/div>\n\t\t<\/section>\n\t\t\t\t<section class=\"elementor-section elementor-top-section elementor-element elementor-element-87bb8fb elementor-section-boxed elementor-section-height-default elementor-section-height-default\" data-id=\"87bb8fb\" data-element_type=\"section\" data-e-type=\"section\">\n\t\t\t\t\t\t<div class=\"elementor-container elementor-column-gap-default\">\n\t\t\t\t\t<div class=\"elementor-column elementor-col-50 elementor-top-column elementor-element elementor-element-ecb0cd3\" data-id=\"ecb0cd3\" data-element_type=\"column\" data-e-type=\"column\">\n\t\t\t<div class=\"elementor-widget-wrap elementor-element-populated\">\n\t\t\t\t\t\t<div class=\"elementor-element elementor-element-519d9c7 elementor-widget elementor-widget-image\" data-id=\"519d9c7\" data-element_type=\"widget\" data-e-type=\"widget\" data-widget_type=\"image.default\">\n\t\t\t\t<div class=\"elementor-widget-container\">\n\t\t\t\t\t\t\t\t\t\t\t\t\t\t\t<img decoding=\"async\" width=\"642\" height=\"1024\" src=\"https:\/\/davidorban.com\/wp-content\/uploads\/2021\/05\/B0179K2ZIS.01.MAIN_._SCRM_-642x1024.jpg\" class=\"attachment-large size-large wp-image-8209\" alt=\"\" srcset=\"https:\/\/davidorban.com\/wp-content\/uploads\/2021\/05\/B0179K2ZIS.01.MAIN_._SCRM_-642x1024.jpg 642w, https:\/\/davidorban.com\/wp-content\/uploads\/2021\/05\/B0179K2ZIS.01.MAIN_._SCRM_-188x300.jpg 188w, https:\/\/davidorban.com\/wp-content\/uploads\/2021\/05\/B0179K2ZIS.01.MAIN_._SCRM_-768x1225.jpg 768w, https:\/\/davidorban.com\/wp-content\/uploads\/2021\/05\/B0179K2ZIS.01.MAIN_._SCRM_-963x1536.jpg 963w, https:\/\/davidorban.com\/wp-content\/uploads\/2021\/05\/B0179K2ZIS.01.MAIN_._SCRM_-1284x2048.jpg 1284w, https:\/\/davidorban.com\/wp-content\/uploads\/2021\/05\/B0179K2ZIS.01.MAIN_._SCRM_.jpg 1461w\" sizes=\"(max-width: 642px) 100vw, 642px\" \/>\t\t\t\t\t\t\t\t\t\t\t\t\t\t\t<\/div>\n\t\t\t\t<\/div>\n\t\t\t\t\t<\/div>\n\t\t<\/div>\n\t\t\t\t<div class=\"elementor-column elementor-col-50 elementor-top-column elementor-element elementor-element-3abdc70\" data-id=\"3abdc70\" data-element_type=\"column\" data-e-type=\"column\">\n\t\t\t<div class=\"elementor-widget-wrap elementor-element-populated\">\n\t\t\t\t\t\t<div class=\"elementor-element elementor-element-38668ca elementor-widget elementor-widget-heading\" data-id=\"38668ca\" data-element_type=\"widget\" data-e-type=\"widget\" data-widget_type=\"heading.default\">\n\t\t\t\t<div class=\"elementor-widget-container\">\n\t\t\t\t\t<h2 class=\"elementor-heading-title elementor-size-default\">Singolarit\u00e0: Con che velocit\u00e0 arriver\u00e0 il futuro<\/h2>\t\t\t\t<\/div>\n\t\t\t\t<\/div>\n\t\t\t\t<div class=\"elementor-element elementor-element-ac31035 elementor-widget elementor-widget-text-editor\" data-id=\"ac31035\" data-element_type=\"widget\" data-e-type=\"widget\" data-widget_type=\"text-editor.default\">\n\t\t\t\t<div class=\"elementor-widget-container\">\n\t\t\t\t\t\t\t\t\t<p>Da quando l&#8217;uomo si \u00e8 affacciato sul pianeta, con un impatto sempre pi\u00f9 ampio e profondo sulla sua evoluzione, ci si chiede se rappresenta un elemento unico e irripetibile. La sua intelligenza potr\u00e0 essere replicata? E se questo avvenisse, sar\u00e0 una novit\u00e0 sconvolgente, pari alla discontinuit\u00e0 dell&#8217;arrivo dell&#8217;uomo? Che cosa succeder\u00e0 all&#8217;umanit\u00e0?\u00a0Sono domande diventate oggetto di studio nella Silicon Valley, dove \u00e8 nata la Singularity University.<\/p>\n<p>La singolarit\u00e0 tecnologica \u00e8 il momento in cui l&#8217;intelligenza artificiale potrebbe prendere il sopravvento. Previsto per 20-30 anni da oggi, per molti esperti \u00e8 uno dei momenti pi\u00f9 promettenti ma anche pi\u00f9 pericolosi della storia dell&#8217;umanit\u00e0.<\/p>\n<p>Questo libro espone in modo accessibile quali sono le conseguenze dell&#8217;accelerazione del cambiamento tecnologico esponenziale e come le intelligenze artificiali cambieranno molte, forse tutte, le regole che guidano la nostra conoscenza del mondo.<\/p>\n\t\t\t\t\t\t\t\t<\/div>\n\t\t\t\t<\/div>\n\t\t\t\t<div class=\"elementor-element elementor-element-c042f0a elementor-align-justify elementor-widget elementor-widget-button\" data-id=\"c042f0a\" data-element_type=\"widget\" data-e-type=\"widget\" data-widget_type=\"button.default\">\n\t\t\t\t<div class=\"elementor-widget-container\">\n\t\t\t\t\t\t\t\t\t<div class=\"elementor-button-wrapper\">\n\t\t\t\t\t<a class=\"elementor-button elementor-button-link elementor-size-md\" href=\"https:\/\/www.amazon.it\/gp\/product\/B0179K2ZIS\">\n\t\t\t\t\t\t<span class=\"elementor-button-content-wrapper\">\n\t\t\t\t\t\t\t\t\t<span class=\"elementor-button-text\">Compra su Amazon.it<\/span>\n\t\t\t\t\t<\/span>\n\t\t\t\t\t<\/a>\n\t\t\t\t<\/div>\n\t\t\t\t\t\t\t\t<\/div>\n\t\t\t\t<\/div>\n\t\t\t\t<div class=\"elementor-element elementor-element-7b4c982 elementor-align-justify elementor-widget elementor-widget-button\" data-id=\"7b4c982\" data-element_type=\"widget\" data-e-type=\"widget\" data-widget_type=\"button.default\">\n\t\t\t\t<div class=\"elementor-widget-container\">\n\t\t\t\t\t\t\t\t\t<div class=\"elementor-button-wrapper\">\n\t\t\t\t\t<a class=\"elementor-button elementor-button-link elementor-size-md\" href=\"https:\/\/www.amazon.com\/gp\/product\/B0179K2ZIS\">\n\t\t\t\t\t\t<span class=\"elementor-button-content-wrapper\">\n\t\t\t\t\t\t\t\t\t<span class=\"elementor-button-text\">Compra su Amazon.com<\/span>\n\t\t\t\t\t<\/span>\n\t\t\t\t\t<\/a>\n\t\t\t\t<\/div>\n\t\t\t\t\t\t\t\t<\/div>\n\t\t\t\t<\/div>\n\t\t\t\t\t<\/div>\n\t\t<\/div>\n\t\t\t\t\t<\/div>\n\t\t<\/section>\n\t\t\t\t<\/div>\n\t\t","protected":false},"excerpt":{"rendered":"<p>Pubblicazioni Il mio contenuto in libri fisici o eBook digitali Something New: AIs And Us Da quando l\u2019umanit\u00e0 \u00e8 apparsa sul pianeta con un impatto sempre pi\u00f9 ampio e profondo sulla sua evoluzione. Rappresenta un elemento unico e irripetibile? L\u2019intelligenza umana verr\u00e0 replicata? E se questo accadr\u00e0 sar\u00e0 uno sviluppo sconvolgente pari alla discontinuit\u00e0 dell\u2019arrivo [&hellip;]<\/p>\n","protected":false},"author":2,"featured_media":0,"parent":0,"menu_order":0,"comment_status":"closed","ping_status":"closed","template":"","meta":{"om_disable_all_campaigns":false,"site-sidebar-layout":"no-sidebar","site-content-layout":"page-builder","ast-site-content-layout":"default","site-content-style":"default","site-sidebar-style":"default","ast-global-header-display":"","ast-banner-title-visibility":"","ast-main-header-display":"","ast-hfb-above-header-display":"","ast-hfb-below-header-display":"","ast-hfb-mobile-header-display":"","site-post-title":"disabled","ast-breadcrumbs-content":"","ast-featured-img":"disabled","footer-sml-layout":"","ast-disable-related-posts":"","theme-transparent-header-meta":"default","adv-header-id-meta":"","stick-header-meta":"","header-above-stick-meta":"","header-main-stick-meta":"","header-below-stick-meta":"","astra-migrate-meta-layouts":"default","ast-page-background-enabled":"default","ast-page-background-meta":{"desktop":{"background-color":"","background-image":"","background-repeat":"repeat","background-position":"center center","background-size":"auto","background-attachment":"scroll","background-type":"","background-media":"","overlay-type":"","overlay-color":"","overlay-opacity":"","overlay-gradient":""},"tablet":{"background-color":"","background-image":"","background-repeat":"repeat","background-position":"center center","background-size":"auto","background-attachment":"scroll","background-type":"","background-media":"","overlay-type":"","overlay-color":"","overlay-opacity":"","overlay-gradient":""},"mobile":{"background-color":"","background-image":"","background-repeat":"repeat","background-position":"center center","background-size":"auto","background-attachment":"scroll","background-type":"","background-media":"","overlay-type":"","overlay-color":"","overlay-opacity":"","overlay-gradient":""}},"ast-content-background-meta":{"desktop":{"background-color":"var(--ast-global-color-5)","background-image":"","background-repeat":"repeat","background-position":"center center","background-size":"auto","background-attachment":"scroll","background-type":"","background-media":"","overlay-type":"","overlay-color":"","overlay-opacity":"","overlay-gradient":""},"tablet":{"background-color":"var(--ast-global-color-5)","background-image":"","background-repeat":"repeat","background-position":"center center","background-size":"auto","background-attachment":"scroll","background-type":"","background-media":"","overlay-type":"","overlay-color":"","overlay-opacity":"","overlay-gradient":""},"mobile":{"background-color":"var(--ast-global-color-5)","background-image":"","background-repeat":"repeat","background-position":"center center","background-size":"auto","background-attachment":"scroll","background-type":"","background-media":"","overlay-type":"","overlay-color":"","overlay-opacity":"","overlay-gradient":""}},"footnotes":""},"class_list":["post-3137","page","type-page","status-publish","hentry"],"aioseo_notices":[],"_links":{"self":[{"href":"https:\/\/davidorban.com\/it\/wp-json\/wp\/v2\/pages\/3137","targetHints":{"allow":["GET"]}}],"collection":[{"href":"https:\/\/davidorban.com\/it\/wp-json\/wp\/v2\/pages"}],"about":[{"href":"https:\/\/davidorban.com\/it\/wp-json\/wp\/v2\/types\/page"}],"author":[{"embeddable":true,"href":"https:\/\/davidorban.com\/it\/wp-json\/wp\/v2\/users\/2"}],"replies":[{"embeddable":true,"href":"https:\/\/davidorban.com\/it\/wp-json\/wp\/v2\/comments?post=3137"}],"version-history":[{"count":0,"href":"https:\/\/davidorban.com\/it\/wp-json\/wp\/v2\/pages\/3137\/revisions"}],"wp:attachment":[{"href":"https:\/\/davidorban.com\/it\/wp-json\/wp\/v2\/media?parent=3137"}],"curies":[{"name":"wp","href":"https:\/\/api.w.org\/{rel}","templated":true}]}}