{"id":4336,"date":"2020-04-15T10:32:02","date_gmt":"2020-04-15T10:32:02","guid":{"rendered":"https:\/\/www.davidorban.com\/?page_id=4336"},"modified":"2020-04-18T10:45:44","modified_gmt":"2020-04-18T10:45:44","slug":"qeldl","status":"publish","type":"page","link":"https:\/\/davidorban.com\/it\/qeldl\/","title":{"rendered":"Qual \u00e8 la domanda live"},"content":{"rendered":"\n<h2 class=\"wp-block-heading\">Chi \u00e8 David Orban<\/h2>\n\n\n\n<p>David Orban \u00e8 uno speaker, investitore, autore, divulgatore ed esploratore di nuove tecnologie che ama sperimentare e condividere pubblicamente il suo percorso di apprendimento con i suoi seguaci, fan e sostenitori. <a href=\"https:\/\/davidorban.com\/it\/about\" class=\"aioseop-link\">Approfondisci<\/a><\/p>\n\n\n\n<h2 class=\"wp-block-heading\">Che cos&#8217;\u00e8 Qual \u00e8 la domanda live?<\/h2>\n\n\n\n<p>Qual \u00e8 la domanda live (QELDL) \u00e8 uno spettacolo di un&#8217;ora ospitato da David Orban, che trasmette in streaming ogni giorno in diretta su piattaforme online come YouTube, Facebook, Twitter e altro ancora. Tratta argomenti disparati, dagli strumenti e dalle migliori pratiche dello streaming live stesso, alle tecnologie esponenziali e di scossa, al decentramento e alla Network Society. David e gli ospiti discutono dell&#8217;evoluzione della condizione umana nei nostri tempi caratterizzata da una crescente accelerazione del cambiamento<\/p>\n\n\n\n<h2 class=\"wp-block-heading\">Guarda QELDL online<\/h2>\n\n\n\n<p>Puoi guardare l&#8217;episodio del giorno in diretta di QELDL sul <a href=\"https:\/\/www.youtube.com\/channel\/UC6igX1HNqU3aCaAE081I_2Q\" class=\"aioseop-link\">canale YouTube<\/a>, <a href=\"https:\/\/www.facebook.com\/searchingforthequestion\/\" class=\"aioseop-link\">pagina Facebook<\/a>, e <a href=\"https:\/\/twitter.com\/davidorban\" class=\"aioseop-link\">Twitter<\/a>, in genere in diretta alle 14:30.<\/p>\n\n\n\n<h2 class=\"wp-block-heading\">Guarda gli episodi passati di QELDL<\/h2>\n\n\n\n<figure class=\"wp-block-embed-youtube wp-block-embed is-type-video is-provider-youtube wp-embed-aspect-16-9 wp-has-aspect-ratio\"><div class=\"wp-block-embed__wrapper\">\n<div class=\"epyt-video-wrapper\"><iframe  id=\"_ytid_85344\"  width=\"480\" height=\"270\"  data-origwidth=\"480\" data-origheight=\"270\" src=\"https:\/\/www.youtube.com\/embed\/?enablejsapi=1&#038;list=PL2VQWZdDwEQQK0bME2VbcHVQjNZC7om6o&#038;autoplay=0&#038;cc_load_policy=0&#038;cc_lang_pref=&#038;iv_load_policy=1&#038;loop=0&#038;rel=0&#038;fs=1&#038;playsinline=0&#038;autohide=2&#038;theme=dark&#038;color=red&#038;controls=1&#038;disablekb=0&#038;\" class=\"__youtube_prefs__  epyt-is-override  no-lazyload\" title=\"YouTube player\"  allow=\"fullscreen; accelerometer; autoplay; clipboard-write; encrypted-media; gyroscope; picture-in-picture; web-share\" referrerpolicy=\"strict-origin-when-cross-origin\" allowfullscreen data-no-lazy=\"1\" data-skipgform_ajax_framebjll=\"\"><\/iframe><\/div>\n<\/div><\/figure>\n\n\n\n<p>Puoi guardare gli episodi passati nella <a href=\"https:\/\/www.youtube.com\/playlist?list=PL2VQWZdDwEQQK0bME2VbcHVQjNZC7om6o\" class=\"aioseop-link\">playlist QELDL dedicata<\/a>.<br>Puoi anche iscriverti alla playlist stessa, per essere avvisato dei nuovi video che vengono aggiunti ad essa.<\/p>\n\n\n\n<h2 class=\"wp-block-heading\">Vota i futuri ospiti<\/h2>\n\n\n\n<p>Stiamo facendo il crowdsourcing per la lista degli ospiti su QELDL! Partecipa al divertimento suggerendo i nomi degli ospiti che vorresti vedere e vota i futuri ospiti.<\/p>\n\n\n\n<h2 class=\"wp-block-heading\">Unisciti alla community<\/h2>\n\n\n\n<p>QELDL sta stimolando una comunit\u00e0 di partecipazione vitale, interattiva e che consente alle persone che vogliono apprendere e progettare le caratteristiche della propria vita piuttosto che essere passivamente spinte verso l&#8217;ignoto. Segui gli account su <a href=\"http:\/\/twitter.com\/davidorban\" class=\"aioseop-link\">Twitter<\/a>, <a href=\"http:\/\/facebook.com\/searchingforthequestion\" class=\"aioseop-link\">Facebook<\/a>, iscriviti al canale <a href=\"https:\/\/www.youtube.com\/channel\/UC6igX1HNqU3aCaAE081I_2Q\/\" class=\"aioseop-link\">YouTube italiano di QELDL<\/a>, al canale <a href=\"http:\/\/youtube.com\/davidorban\" class=\"aioseop-link\">YouTube inglese di SFTQL<\/a> partecipa alla <a href=\"https:\/\/davidorban.com\/it\/discord\" class=\"aioseop-link shortlink shortlink-6\" rel=\"\">community Discord<\/a>.<\/p>\n\n\n\n<h2 class=\"wp-block-heading\">Diventa un sostenitore su Patreon<\/h2>\n\n\n\n<p>Se sei un fan, puoi anche diventare un <a href=\"http:\/\/patreon.com\/davidorban\" class=\"aioseop-link\">sostenitore di David Orban e di QELDL su Patreon<\/a>!<\/p>\n","protected":false},"excerpt":{"rendered":"<p>Chi \u00e8 David Orban David Orban \u00e8 uno speaker, investitore, autore, divulgatore ed esploratore di nuove tecnologie che ama sperimentare e condividere pubblicamente il suo percorso di apprendimento con i suoi seguaci, fan e sostenitori. Approfondisci Che cos&#8217;\u00e8 Qual \u00e8 la domanda live? Qual \u00e8 la domanda live (QELDL) \u00e8 uno spettacolo di un&#8217;ora ospitato [&hellip;]<\/p>\n","protected":false},"author":2,"featured_media":0,"parent":0,"menu_order":0,"comment_status":"closed","ping_status":"closed","template":"","meta":{"om_disable_all_campaigns":false,"site-sidebar-layout":"default","site-content-layout":"default","ast-site-content-layout":"default","site-content-style":"default","site-sidebar-style":"default","ast-global-header-display":"","ast-banner-title-visibility":"","ast-main-header-display":"","ast-hfb-above-header-display":"","ast-hfb-below-header-display":"","ast-hfb-mobile-header-display":"","site-post-title":"","ast-breadcrumbs-content":"","ast-featured-img":"","footer-sml-layout":"","ast-disable-related-posts":"","theme-transparent-header-meta":"default","adv-header-id-meta":"","stick-header-meta":"","header-above-stick-meta":"","header-main-stick-meta":"","header-below-stick-meta":"","astra-migrate-meta-layouts":"default","ast-page-background-enabled":"default","ast-page-background-meta":{"desktop":{"background-color":"","background-image":"","background-repeat":"repeat","background-position":"center center","background-size":"auto","background-attachment":"scroll","background-type":"","background-media":"","overlay-type":"","overlay-color":"","overlay-opacity":"","overlay-gradient":""},"tablet":{"background-color":"","background-image":"","background-repeat":"repeat","background-position":"center center","background-size":"auto","background-attachment":"scroll","background-type":"","background-media":"","overlay-type":"","overlay-color":"","overlay-opacity":"","overlay-gradient":""},"mobile":{"background-color":"","background-image":"","background-repeat":"repeat","background-position":"center center","background-size":"auto","background-attachment":"scroll","background-type":"","background-media":"","overlay-type":"","overlay-color":"","overlay-opacity":"","overlay-gradient":""}},"ast-content-background-meta":{"desktop":{"background-color":"var(--ast-global-color-5)","background-image":"","background-repeat":"repeat","background-position":"center center","background-size":"auto","background-attachment":"scroll","background-type":"","background-media":"","overlay-type":"","overlay-color":"","overlay-opacity":"","overlay-gradient":""},"tablet":{"background-color":"var(--ast-global-color-5)","background-image":"","background-repeat":"repeat","background-position":"center center","background-size":"auto","background-attachment":"scroll","background-type":"","background-media":"","overlay-type":"","overlay-color":"","overlay-opacity":"","overlay-gradient":""},"mobile":{"background-color":"var(--ast-global-color-5)","background-image":"","background-repeat":"repeat","background-position":"center center","background-size":"auto","background-attachment":"scroll","background-type":"","background-media":"","overlay-type":"","overlay-color":"","overlay-opacity":"","overlay-gradient":""}},"footnotes":""},"class_list":["post-4336","page","type-page","status-publish","hentry"],"aioseo_notices":[],"_links":{"self":[{"href":"https:\/\/davidorban.com\/it\/wp-json\/wp\/v2\/pages\/4336","targetHints":{"allow":["GET"]}}],"collection":[{"href":"https:\/\/davidorban.com\/it\/wp-json\/wp\/v2\/pages"}],"about":[{"href":"https:\/\/davidorban.com\/it\/wp-json\/wp\/v2\/types\/page"}],"author":[{"embeddable":true,"href":"https:\/\/davidorban.com\/it\/wp-json\/wp\/v2\/users\/2"}],"replies":[{"embeddable":true,"href":"https:\/\/davidorban.com\/it\/wp-json\/wp\/v2\/comments?post=4336"}],"version-history":[{"count":0,"href":"https:\/\/davidorban.com\/it\/wp-json\/wp\/v2\/pages\/4336\/revisions"}],"wp:attachment":[{"href":"https:\/\/davidorban.com\/it\/wp-json\/wp\/v2\/media?parent=4336"}],"curies":[{"name":"wp","href":"https:\/\/api.w.org\/{rel}","templated":true}]}}